{"id":2041,"date":"2021-10-30T10:47:58","date_gmt":"2021-10-30T13:47:58","guid":{"rendered":"http:\/\/solodimixagv.com.br\/loja\/?post_type=product&#038;p=2041"},"modified":"2025-09-10T09:52:49","modified_gmt":"2025-09-10T12:52:49","slug":"esfera-de-valvula-o-4-em-vulkolan","status":"publish","type":"product","link":"https:\/\/solodimixagv.com.br\/loja\/produto\/esfera-de-valvula-o-4-em-vulkolan\/","title":{"rendered":"ESFERA DE V\u00c1LVULA \u00f8 4 &#8221; EM VULKOLAN"},"content":{"rendered":"<p><strong>ESFERA DE V\u00c1LVULA \u00f8 4&#8243; EM VULKOLAN<\/strong><\/p>\n<p><strong>APLICA\u00c7\u00c3O:<\/strong> EQUIPAMENTO DE PEDRISCO P88\/P30\/PPL152<\/p>\n","protected":false},"excerpt":{"rendered":"<p>ESFERA DE V\u00c1LVULA \u00f8 4&#8243; EM VULKOLAN APLICA\u00c7\u00c3O: EQUIPAMENTO DE PEDRISCO P88\/P30\/PPL152<\/p>\n","protected":false},"featured_media":2040,"comment_status":"open","ping_status":"closed","template":"","meta":{"_joinchat":[]},"product_cat":[155,15,130,136,156],"product_tag":[],"_links":{"self":[{"href":"https:\/\/solodimixagv.com.br\/loja\/wp-json\/wp\/v2\/product\/2041"}],"collection":[{"href":"https:\/\/solodimixagv.com.br\/loja\/wp-json\/wp\/v2\/product"}],"about":[{"href":"https:\/\/solodimixagv.com.br\/loja\/wp-json\/wp\/v2\/types\/product"}],"replies":[{"embeddable":true,"href":"https:\/\/solodimixagv.com.br\/loja\/wp-json\/wp\/v2\/comments?post=2041"}],"wp:featuredmedia":[{"embeddable":true,"href":"https:\/\/solodimixagv.com.br\/loja\/wp-json\/wp\/v2\/media\/2040"}],"wp:attachment":[{"href":"https:\/\/solodimixagv.com.br\/loja\/wp-json\/wp\/v2\/media?parent=2041"}],"wp:term":[{"taxonomy":"product_cat","embeddable":true,"href":"https:\/\/solodimixagv.com.br\/loja\/wp-json\/wp\/v2\/product_cat?post=2041"},{"taxonomy":"product_tag","embeddable":true,"href":"https:\/\/solodimixagv.com.br\/loja\/wp-json\/wp\/v2\/product_tag?post=2041"}],"curies":[{"name":"wp","href":"https:\/\/api.w.org\/{rel}","templated":true}]}}