{"id":2032,"date":"2021-10-30T09:37:16","date_gmt":"2021-10-30T12:37:16","guid":{"rendered":"http:\/\/solodimixagv.com.br\/loja\/?post_type=product&#038;p=2032"},"modified":"2025-09-10T09:55:58","modified_gmt":"2025-09-10T12:55:58","slug":"esfera-de-valvula-grande-o-4-1-2","status":"publish","type":"product","link":"https:\/\/solodimixagv.com.br\/loja\/produto\/esfera-de-valvula-grande-o-4-1-2\/","title":{"rendered":"ESFERA DE V\u00c1LVULA (PEQUENA) \u00f8 4 &#8221; A\u00c7O"},"content":{"rendered":"<p><strong>ESFERA DE V\u00c1LVULA (PEQUENA) \u00f8 4 &#8221; A\u00c7O<\/strong><\/p>\n<p><strong>APLICA\u00c7\u00c3O:<\/strong> EQUIPAMENTO DE PEDRISCO P88\/P30\/PPL152<\/p>\n","protected":false},"excerpt":{"rendered":"<p>ESFERA DE V\u00c1LVULA (PEQUENA) \u00f8 4 &#8221; A\u00c7O APLICA\u00c7\u00c3O: EQUIPAMENTO DE PEDRISCO P88\/P30\/PPL152<\/p>\n","protected":false},"featured_media":2033,"comment_status":"open","ping_status":"closed","template":"","meta":{"_joinchat":[]},"product_cat":[155,15,130,136],"product_tag":[],"_links":{"self":[{"href":"https:\/\/solodimixagv.com.br\/loja\/wp-json\/wp\/v2\/product\/2032"}],"collection":[{"href":"https:\/\/solodimixagv.com.br\/loja\/wp-json\/wp\/v2\/product"}],"about":[{"href":"https:\/\/solodimixagv.com.br\/loja\/wp-json\/wp\/v2\/types\/product"}],"replies":[{"embeddable":true,"href":"https:\/\/solodimixagv.com.br\/loja\/wp-json\/wp\/v2\/comments?post=2032"}],"wp:featuredmedia":[{"embeddable":true,"href":"https:\/\/solodimixagv.com.br\/loja\/wp-json\/wp\/v2\/media\/2033"}],"wp:attachment":[{"href":"https:\/\/solodimixagv.com.br\/loja\/wp-json\/wp\/v2\/media?parent=2032"}],"wp:term":[{"taxonomy":"product_cat","embeddable":true,"href":"https:\/\/solodimixagv.com.br\/loja\/wp-json\/wp\/v2\/product_cat?post=2032"},{"taxonomy":"product_tag","embeddable":true,"href":"https:\/\/solodimixagv.com.br\/loja\/wp-json\/wp\/v2\/product_tag?post=2032"}],"curies":[{"name":"wp","href":"https:\/\/api.w.org\/{rel}","templated":true}]}}