{"id":2020,"date":"2021-10-28T10:24:01","date_gmt":"2021-10-28T13:24:01","guid":{"rendered":"http:\/\/solodimixagv.com.br\/loja\/?post_type=product&#038;p=2020"},"modified":"2025-09-10T09:54:10","modified_gmt":"2025-09-10T12:54:10","slug":"kit-de-vedacao-para-bomba-hidraulica-serie-22","status":"publish","type":"product","link":"https:\/\/solodimixagv.com.br\/loja\/produto\/kit-de-vedacao-para-bomba-hidraulica-serie-22\/","title":{"rendered":"KIT DE VEDA\u00c7\u00c3O PARA BOMBA HIDR\u00c1ULICA S\u00c9RIE 20\/21\/22"},"content":{"rendered":"<p><strong>KIT DE VEDA\u00c7\u00c3O COMPLETO PARA BOMBA HIDR\u00c1ULICA SERIE 22<\/strong><\/p>\n<p>CODIGO SAUER : 9510189 \/ 9210168 \/ 9510441 \/ 050088<\/p>\n","protected":false},"excerpt":{"rendered":"<p>KIT DE VEDA\u00c7\u00c3O COMPLETO PARA BOMBA HIDR\u00c1ULICA SERIE 22 CODIGO SAUER : 9510189 \/ 9210168 \/ 9510441 \/ 050088<\/p>\n","protected":false},"featured_media":1618,"comment_status":"open","ping_status":"closed","template":"","meta":{"_joinchat":[]},"product_cat":[141,15],"product_tag":[140],"_links":{"self":[{"href":"https:\/\/solodimixagv.com.br\/loja\/wp-json\/wp\/v2\/product\/2020"}],"collection":[{"href":"https:\/\/solodimixagv.com.br\/loja\/wp-json\/wp\/v2\/product"}],"about":[{"href":"https:\/\/solodimixagv.com.br\/loja\/wp-json\/wp\/v2\/types\/product"}],"replies":[{"embeddable":true,"href":"https:\/\/solodimixagv.com.br\/loja\/wp-json\/wp\/v2\/comments?post=2020"}],"wp:featuredmedia":[{"embeddable":true,"href":"https:\/\/solodimixagv.com.br\/loja\/wp-json\/wp\/v2\/media\/1618"}],"wp:attachment":[{"href":"https:\/\/solodimixagv.com.br\/loja\/wp-json\/wp\/v2\/media?parent=2020"}],"wp:term":[{"taxonomy":"product_cat","embeddable":true,"href":"https:\/\/solodimixagv.com.br\/loja\/wp-json\/wp\/v2\/product_cat?post=2020"},{"taxonomy":"product_tag","embeddable":true,"href":"https:\/\/solodimixagv.com.br\/loja\/wp-json\/wp\/v2\/product_tag?post=2020"}],"curies":[{"name":"wp","href":"https:\/\/api.w.org\/{rel}","templated":true}]}}