{"id":1956,"date":"2021-10-15T13:30:09","date_gmt":"2021-10-15T16:30:09","guid":{"rendered":"http:\/\/solodimixagv.com.br\/?post_type=product&#038;p=1638"},"modified":"2025-09-10T09:55:48","modified_gmt":"2025-09-10T12:55:48","slug":"cone-para-medicao-conjunto-de-slump","status":"publish","type":"product","link":"https:\/\/solodimixagv.com.br\/loja\/produto\/cone-para-medicao-conjunto-de-slump\/","title":{"rendered":"CONE PARA MEDI\u00c7\u00c3O CONJUNTO DE SLUMP"},"content":{"rendered":"<p><strong>CONE PARA MEDICAO CONJUNTO DE SLUMP<\/strong><\/p>\n<p>ITEM QUE COMP\u00d5E O CONJUNTO DE MEDI\u00c7\u00c3O SLUMP COMPLETO<\/p>\n","protected":false},"excerpt":{"rendered":"<p>CONE PARA MEDICAO CONJUNTO DE SLUMP ITEM QUE COMP\u00d5E O CONJUNTO DE MEDI\u00c7\u00c3O SLUMP COMPLETO<\/p>\n","protected":false},"featured_media":1995,"comment_status":"open","ping_status":"closed","template":"","meta":{"_joinchat":[]},"product_cat":[152,15],"product_tag":[],"_links":{"self":[{"href":"https:\/\/solodimixagv.com.br\/loja\/wp-json\/wp\/v2\/product\/1956"}],"collection":[{"href":"https:\/\/solodimixagv.com.br\/loja\/wp-json\/wp\/v2\/product"}],"about":[{"href":"https:\/\/solodimixagv.com.br\/loja\/wp-json\/wp\/v2\/types\/product"}],"replies":[{"embeddable":true,"href":"https:\/\/solodimixagv.com.br\/loja\/wp-json\/wp\/v2\/comments?post=1956"}],"wp:featuredmedia":[{"embeddable":true,"href":"https:\/\/solodimixagv.com.br\/loja\/wp-json\/wp\/v2\/media\/1995"}],"wp:attachment":[{"href":"https:\/\/solodimixagv.com.br\/loja\/wp-json\/wp\/v2\/media?parent=1956"}],"wp:term":[{"taxonomy":"product_cat","embeddable":true,"href":"https:\/\/solodimixagv.com.br\/loja\/wp-json\/wp\/v2\/product_cat?post=1956"},{"taxonomy":"product_tag","embeddable":true,"href":"https:\/\/solodimixagv.com.br\/loja\/wp-json\/wp\/v2\/product_tag?post=1956"}],"curies":[{"name":"wp","href":"https:\/\/api.w.org\/{rel}","templated":true}]}}