{"id":1620,"date":"2021-10-15T10:35:06","date_gmt":"2021-10-15T13:35:06","guid":{"rendered":"http:\/\/solodimixagv.com.br\/?post_type=product&#038;p=1620"},"modified":"2025-09-10T09:53:59","modified_gmt":"2025-09-10T12:53:59","slug":"conjunto-para-medicao-de-slump-completo","status":"publish","type":"product","link":"https:\/\/solodimixagv.com.br\/loja\/produto\/conjunto-para-medicao-de-slump-completo\/","title":{"rendered":"CONJUNTO PARA MEDI\u00c7\u00c3O DE SLUMP COMPLETO"},"content":{"rendered":"<p><strong>CONJUNTO PARA MEDI\u00c7\u00c3O DE SLUMP COMPLETO\u00a0<\/strong><\/p>\n<p><strong>PE\u00c7AS COMPOSTAS NO CONJUNTO:<\/strong> FUNIL PARA CONE \/ VARETA\u00a0 \/ BASE \/ CONCHA \/ CONE<\/p>\n","protected":false},"excerpt":{"rendered":"<p>CONJUNTO PARA MEDI\u00c7\u00c3O DE SLUMP COMPLETO\u00a0 PE\u00c7AS COMPOSTAS NO CONJUNTO: FUNIL PARA CONE \/ VARETA\u00a0 \/ BASE \/ CONCHA \/ CONE<\/p>\n","protected":false},"featured_media":1624,"comment_status":"open","ping_status":"closed","template":"","meta":{"_joinchat":[]},"product_cat":[15],"product_tag":[],"_links":{"self":[{"href":"https:\/\/solodimixagv.com.br\/loja\/wp-json\/wp\/v2\/product\/1620"}],"collection":[{"href":"https:\/\/solodimixagv.com.br\/loja\/wp-json\/wp\/v2\/product"}],"about":[{"href":"https:\/\/solodimixagv.com.br\/loja\/wp-json\/wp\/v2\/types\/product"}],"replies":[{"embeddable":true,"href":"https:\/\/solodimixagv.com.br\/loja\/wp-json\/wp\/v2\/comments?post=1620"}],"wp:featuredmedia":[{"embeddable":true,"href":"https:\/\/solodimixagv.com.br\/loja\/wp-json\/wp\/v2\/media\/1624"}],"wp:attachment":[{"href":"https:\/\/solodimixagv.com.br\/loja\/wp-json\/wp\/v2\/media?parent=1620"}],"wp:term":[{"taxonomy":"product_cat","embeddable":true,"href":"https:\/\/solodimixagv.com.br\/loja\/wp-json\/wp\/v2\/product_cat?post=1620"},{"taxonomy":"product_tag","embeddable":true,"href":"https:\/\/solodimixagv.com.br\/loja\/wp-json\/wp\/v2\/product_tag?post=1620"}],"curies":[{"name":"wp","href":"https:\/\/api.w.org\/{rel}","templated":true}]}}