{"id":1586,"date":"2021-10-14T11:38:57","date_gmt":"2021-10-14T14:38:57","guid":{"rendered":"http:\/\/solodimixagv.com.br\/?post_type=product&#038;p=1586"},"modified":"2025-09-10T09:54:24","modified_gmt":"2025-09-10T12:54:24","slug":"coroa-entalhada-para-motor-e-bomba-hidraulica-spv-ppv-23","status":"publish","type":"product","link":"https:\/\/solodimixagv.com.br\/loja\/produto\/coroa-entalhada-para-motor-e-bomba-hidraulica-spv-ppv-23\/","title":{"rendered":"COROA ENTALHADA PARA MOTOR E BOMBA HIDR\u00c1ULICA SPV\/PPV 23"},"content":{"rendered":"<p><strong>COROA ENTALHADA PARA MOTOR E BOMBA SPV\/PPV 23<\/strong><\/p>\n<p><strong>REAF SAUER DANFOSS: <\/strong><em>9230158\u00a0<\/em><\/p>\n<p><strong>APLICA\u00c7\u00c3O:<\/strong><em> ESTA PE\u00c7A \u00c9 APLICADA NO CONJUNTO MOTOR E BOMBA HIDR\u00c1ULICA SPV\/PPV 23<\/em><\/p>\n","protected":false},"excerpt":{"rendered":"<p>COROA ENTALHADA PARA MOTOR E BOMBA SPV\/PPV 23 REAF SAUER DANFOSS: 9230158\u00a0 APLICA\u00c7\u00c3O: ESTA PE\u00c7A \u00c9 APLICADA NO CONJUNTO MOTOR E BOMBA HIDR\u00c1ULICA SPV\/PPV 23<\/p>\n","protected":false},"featured_media":1596,"comment_status":"open","ping_status":"closed","template":"","meta":{"_joinchat":[]},"product_cat":[141,15],"product_tag":[],"_links":{"self":[{"href":"https:\/\/solodimixagv.com.br\/loja\/wp-json\/wp\/v2\/product\/1586"}],"collection":[{"href":"https:\/\/solodimixagv.com.br\/loja\/wp-json\/wp\/v2\/product"}],"about":[{"href":"https:\/\/solodimixagv.com.br\/loja\/wp-json\/wp\/v2\/types\/product"}],"replies":[{"embeddable":true,"href":"https:\/\/solodimixagv.com.br\/loja\/wp-json\/wp\/v2\/comments?post=1586"}],"wp:featuredmedia":[{"embeddable":true,"href":"https:\/\/solodimixagv.com.br\/loja\/wp-json\/wp\/v2\/media\/1596"}],"wp:attachment":[{"href":"https:\/\/solodimixagv.com.br\/loja\/wp-json\/wp\/v2\/media?parent=1586"}],"wp:term":[{"taxonomy":"product_cat","embeddable":true,"href":"https:\/\/solodimixagv.com.br\/loja\/wp-json\/wp\/v2\/product_cat?post=1586"},{"taxonomy":"product_tag","embeddable":true,"href":"https:\/\/solodimixagv.com.br\/loja\/wp-json\/wp\/v2\/product_tag?post=1586"}],"curies":[{"name":"wp","href":"https:\/\/api.w.org\/{rel}","templated":true}]}}