{"id":1566,"date":"2021-10-13T10:57:14","date_gmt":"2021-10-13T13:57:14","guid":{"rendered":"http:\/\/solodimixagv.com.br\/?post_type=product&#038;p=1566"},"modified":"2025-09-10T09:54:17","modified_gmt":"2025-09-10T12:54:17","slug":"acoplamento-rapido-com-cunha-e-trava-o-6","status":"publish","type":"product","link":"https:\/\/solodimixagv.com.br\/loja\/produto\/acoplamento-rapido-com-cunha-e-trava-o-6\/","title":{"rendered":"ACOPLAMENTO R\u00c1PIDO COM CUNHA E TRAVA \u00f8 6&#8243;"},"content":{"rendered":"<p><strong>ACOPLAMENTO R\u00c1PIDO COM CUNHA E TRAVA \u00f8 6&#8243;<\/strong><\/p>\n<p><strong>REF SCHWING:<\/strong> 10043559<\/p>\n<p>&nbsp;<\/p>\n","protected":false},"excerpt":{"rendered":"<p>ACOPLAMENTO R\u00c1PIDO COM CUNHA E TRAVA \u00f8 6&#8243; REF SCHWING: 10043559 &nbsp;<\/p>\n","protected":false},"featured_media":1603,"comment_status":"open","ping_status":"closed","template":"","meta":{"_joinchat":[]},"product_cat":[142,129,15,136],"product_tag":[],"_links":{"self":[{"href":"https:\/\/solodimixagv.com.br\/loja\/wp-json\/wp\/v2\/product\/1566"}],"collection":[{"href":"https:\/\/solodimixagv.com.br\/loja\/wp-json\/wp\/v2\/product"}],"about":[{"href":"https:\/\/solodimixagv.com.br\/loja\/wp-json\/wp\/v2\/types\/product"}],"replies":[{"embeddable":true,"href":"https:\/\/solodimixagv.com.br\/loja\/wp-json\/wp\/v2\/comments?post=1566"}],"wp:featuredmedia":[{"embeddable":true,"href":"https:\/\/solodimixagv.com.br\/loja\/wp-json\/wp\/v2\/media\/1603"}],"wp:attachment":[{"href":"https:\/\/solodimixagv.com.br\/loja\/wp-json\/wp\/v2\/media?parent=1566"}],"wp:term":[{"taxonomy":"product_cat","embeddable":true,"href":"https:\/\/solodimixagv.com.br\/loja\/wp-json\/wp\/v2\/product_cat?post=1566"},{"taxonomy":"product_tag","embeddable":true,"href":"https:\/\/solodimixagv.com.br\/loja\/wp-json\/wp\/v2\/product_tag?post=1566"}],"curies":[{"name":"wp","href":"https:\/\/api.w.org\/{rel}","templated":true}]}}