{"id":1556,"date":"2021-10-11T12:01:13","date_gmt":"2021-10-11T15:01:13","guid":{"rendered":"http:\/\/solodimixagv.com.br\/?post_type=product&#038;p=1556"},"modified":"2025-09-10T10:05:30","modified_gmt":"2025-09-10T13:05:30","slug":"placa-de-apoio-em-aco-para-bomba-serie-23-esquerda","status":"publish","type":"product","link":"https:\/\/solodimixagv.com.br\/loja\/produto\/placa-de-apoio-em-aco-para-bomba-serie-23-esquerda\/","title":{"rendered":"PLACA DE APOIO EM A\u00c7O PARA BOMBA S\u00c9RIE 23 ESQUERDA"},"content":{"rendered":"<p><strong>PLACA DE APOIO EM A\u00c7O PARA BOMBA S\u00c9RIE 23 ESQUERDA<\/strong><\/p>\n<p><strong>REF SAUER SANFOSS:<\/strong> 9230561 \/ 004341<\/p>\n","protected":false},"excerpt":{"rendered":"<p>PLACA DE APOIO EM A\u00c7O PARA BOMBA S\u00c9RIE 23 ESQUERDA REF SAUER SANFOSS: 9230561 \/ 004341<\/p>\n","protected":false},"featured_media":1604,"comment_status":"open","ping_status":"closed","template":"","meta":{"_joinchat":[]},"product_cat":[141,15],"product_tag":[],"_links":{"self":[{"href":"https:\/\/solodimixagv.com.br\/loja\/wp-json\/wp\/v2\/product\/1556"}],"collection":[{"href":"https:\/\/solodimixagv.com.br\/loja\/wp-json\/wp\/v2\/product"}],"about":[{"href":"https:\/\/solodimixagv.com.br\/loja\/wp-json\/wp\/v2\/types\/product"}],"replies":[{"embeddable":true,"href":"https:\/\/solodimixagv.com.br\/loja\/wp-json\/wp\/v2\/comments?post=1556"}],"wp:featuredmedia":[{"embeddable":true,"href":"https:\/\/solodimixagv.com.br\/loja\/wp-json\/wp\/v2\/media\/1604"}],"wp:attachment":[{"href":"https:\/\/solodimixagv.com.br\/loja\/wp-json\/wp\/v2\/media?parent=1556"}],"wp:term":[{"taxonomy":"product_cat","embeddable":true,"href":"https:\/\/solodimixagv.com.br\/loja\/wp-json\/wp\/v2\/product_cat?post=1556"},{"taxonomy":"product_tag","embeddable":true,"href":"https:\/\/solodimixagv.com.br\/loja\/wp-json\/wp\/v2\/product_tag?post=1556"}],"curies":[{"name":"wp","href":"https:\/\/api.w.org\/{rel}","templated":true}]}}