{"id":1552,"date":"2021-10-11T10:39:50","date_gmt":"2021-10-11T13:39:50","guid":{"rendered":"http:\/\/solodimixagv.com.br\/?post_type=product&#038;p=1552"},"modified":"2025-09-10T10:05:38","modified_gmt":"2025-09-10T13:05:38","slug":"placa-de-apoio-em-aco-para-bomba-23-direita","status":"publish","type":"product","link":"https:\/\/solodimixagv.com.br\/loja\/produto\/placa-de-apoio-em-aco-para-bomba-23-direita\/","title":{"rendered":"PLACA DE APOIO EM A\u00c7O PARA BOMBA S\u00c9RIE 23 DIREITA"},"content":{"rendered":"<p><strong>PLACA DE APOIO EM A\u00c7O PARA BOMBA\u00a0 23 DIREITA\u00a0<\/strong><\/p>\n<p><strong>REF SAUER DANFOSS:<\/strong> 9230560 \/ 004333<\/p>\n<p>&nbsp;<\/p>\n","protected":false},"excerpt":{"rendered":"<p>PLACA DE APOIO EM A\u00c7O PARA BOMBA\u00a0 23 DIREITA\u00a0 REF SAUER DANFOSS: 9230560 \/ 004333 &nbsp;<\/p>\n","protected":false},"featured_media":1606,"comment_status":"open","ping_status":"closed","template":"","meta":{"_joinchat":[]},"product_cat":[141,15],"product_tag":[],"_links":{"self":[{"href":"https:\/\/solodimixagv.com.br\/loja\/wp-json\/wp\/v2\/product\/1552"}],"collection":[{"href":"https:\/\/solodimixagv.com.br\/loja\/wp-json\/wp\/v2\/product"}],"about":[{"href":"https:\/\/solodimixagv.com.br\/loja\/wp-json\/wp\/v2\/types\/product"}],"replies":[{"embeddable":true,"href":"https:\/\/solodimixagv.com.br\/loja\/wp-json\/wp\/v2\/comments?post=1552"}],"wp:featuredmedia":[{"embeddable":true,"href":"https:\/\/solodimixagv.com.br\/loja\/wp-json\/wp\/v2\/media\/1606"}],"wp:attachment":[{"href":"https:\/\/solodimixagv.com.br\/loja\/wp-json\/wp\/v2\/media?parent=1552"}],"wp:term":[{"taxonomy":"product_cat","embeddable":true,"href":"https:\/\/solodimixagv.com.br\/loja\/wp-json\/wp\/v2\/product_cat?post=1552"},{"taxonomy":"product_tag","embeddable":true,"href":"https:\/\/solodimixagv.com.br\/loja\/wp-json\/wp\/v2\/product_tag?post=1552"}],"curies":[{"name":"wp","href":"https:\/\/api.w.org\/{rel}","templated":true}]}}