{"id":1529,"date":"2021-10-09T13:17:59","date_gmt":"2021-10-09T16:17:59","guid":{"rendered":"http:\/\/solodimixagv.com.br\/?post_type=product&#038;p=1529"},"modified":"2025-09-10T10:05:42","modified_gmt":"2025-09-10T13:05:42","slug":"anel-de-pressao-de-borracha-para-schwing-spl1000","status":"publish","type":"product","link":"https:\/\/solodimixagv.com.br\/loja\/produto\/anel-de-pressao-de-borracha-para-schwing-spl1000\/","title":{"rendered":"ANEL DE PRESS\u00c3O DE BORRACHA PARA SCHWING SPL1000"},"content":{"rendered":"<p><em><strong>ANEL DE PRESS\u00c3O DE BORRACHA PARA SCHWING SPL1000<\/strong><\/em><\/p>\n<p><em><strong>APLICA\u00c7\u00c3O: <\/strong><\/em>VALVULA ROCK SPL1000<\/p>\n","protected":false},"excerpt":{"rendered":"<p>ANEL DE PRESS\u00c3O DE BORRACHA PARA SCHWING SPL1000 APLICA\u00c7\u00c3O: VALVULA ROCK SPL1000<\/p>\n","protected":false},"featured_media":1526,"comment_status":"open","ping_status":"closed","template":"","meta":{"_joinchat":[]},"product_cat":[129,15,136],"product_tag":[],"_links":{"self":[{"href":"https:\/\/solodimixagv.com.br\/loja\/wp-json\/wp\/v2\/product\/1529"}],"collection":[{"href":"https:\/\/solodimixagv.com.br\/loja\/wp-json\/wp\/v2\/product"}],"about":[{"href":"https:\/\/solodimixagv.com.br\/loja\/wp-json\/wp\/v2\/types\/product"}],"replies":[{"embeddable":true,"href":"https:\/\/solodimixagv.com.br\/loja\/wp-json\/wp\/v2\/comments?post=1529"}],"wp:featuredmedia":[{"embeddable":true,"href":"https:\/\/solodimixagv.com.br\/loja\/wp-json\/wp\/v2\/media\/1526"}],"wp:attachment":[{"href":"https:\/\/solodimixagv.com.br\/loja\/wp-json\/wp\/v2\/media?parent=1529"}],"wp:term":[{"taxonomy":"product_cat","embeddable":true,"href":"https:\/\/solodimixagv.com.br\/loja\/wp-json\/wp\/v2\/product_cat?post=1529"},{"taxonomy":"product_tag","embeddable":true,"href":"https:\/\/solodimixagv.com.br\/loja\/wp-json\/wp\/v2\/product_tag?post=1529"}],"curies":[{"name":"wp","href":"https:\/\/api.w.org\/{rel}","templated":true}]}}