{"id":1524,"date":"2021-10-09T13:01:00","date_gmt":"2021-10-09T16:01:00","guid":{"rendered":"http:\/\/solodimixagv.com.br\/?post_type=product&#038;p=1524"},"modified":"2025-09-10T10:04:55","modified_gmt":"2025-09-10T13:04:55","slug":"guarnicao-de-borracha-feijao-para-schwing-spl2000-s32x-s36x","status":"publish","type":"product","link":"https:\/\/solodimixagv.com.br\/loja\/produto\/guarnicao-de-borracha-feijao-para-schwing-spl2000-s32x-s36x\/","title":{"rendered":"GUARNI\u00c7\u00c3O DE BORRACHA (FEIJ\u00c3O) PARA SCHWING SPL2000 \/ S32X \/ S36X"},"content":{"rendered":"<p><em><strong>G<\/strong><strong>UARNI\u00c7\u00c3O DE BORRACHA (FEIJ\u00c3O) PARA SCHWING SPL2000 \/ S32X \/ S36X<\/strong><\/em><\/p>\n<p><em><strong>APLICA\u00c7\u00c3O: <\/strong><\/em>VALVULA ROCK SPL2000 \/ S32X \/ S36X<\/p>\n","protected":false},"excerpt":{"rendered":"<p>GUARNI\u00c7\u00c3O DE BORRACHA (FEIJ\u00c3O) PARA SCHWING SPL2000 \/ S32X \/ S36X APLICA\u00c7\u00c3O: VALVULA ROCK SPL2000 \/ S32X \/ S36X<\/p>\n","protected":false},"featured_media":1522,"comment_status":"open","ping_status":"closed","template":"","meta":{"_joinchat":[]},"product_cat":[129,143,15,136],"product_tag":[],"_links":{"self":[{"href":"https:\/\/solodimixagv.com.br\/loja\/wp-json\/wp\/v2\/product\/1524"}],"collection":[{"href":"https:\/\/solodimixagv.com.br\/loja\/wp-json\/wp\/v2\/product"}],"about":[{"href":"https:\/\/solodimixagv.com.br\/loja\/wp-json\/wp\/v2\/types\/product"}],"replies":[{"embeddable":true,"href":"https:\/\/solodimixagv.com.br\/loja\/wp-json\/wp\/v2\/comments?post=1524"}],"wp:featuredmedia":[{"embeddable":true,"href":"https:\/\/solodimixagv.com.br\/loja\/wp-json\/wp\/v2\/media\/1522"}],"wp:attachment":[{"href":"https:\/\/solodimixagv.com.br\/loja\/wp-json\/wp\/v2\/media?parent=1524"}],"wp:term":[{"taxonomy":"product_cat","embeddable":true,"href":"https:\/\/solodimixagv.com.br\/loja\/wp-json\/wp\/v2\/product_cat?post=1524"},{"taxonomy":"product_tag","embeddable":true,"href":"https:\/\/solodimixagv.com.br\/loja\/wp-json\/wp\/v2\/product_tag?post=1524"}],"curies":[{"name":"wp","href":"https:\/\/api.w.org\/{rel}","templated":true}]}}