{"id":1523,"date":"2021-10-09T12:55:17","date_gmt":"2021-10-09T15:55:17","guid":{"rendered":"http:\/\/solodimixagv.com.br\/?post_type=product&#038;p=1523"},"modified":"2025-09-10T09:56:05","modified_gmt":"2025-09-10T12:56:05","slug":"guarnicao-de-borracha-feijao-para-schwing-spl401-spl500","status":"publish","type":"product","link":"https:\/\/solodimixagv.com.br\/loja\/produto\/guarnicao-de-borracha-feijao-para-schwing-spl401-spl500\/","title":{"rendered":"GUARNI\u00c7\u00c3O DE BORRACHA (FEIJ\u00c3O) PARA SCHWING SPL401 \/ SPL500"},"content":{"rendered":"<p><em><strong>GUARNI\u00c7\u00c3O DE BORRACHA (FEIJ\u00c3O) PARA SCHWING SPL401 \/ SPL500<\/strong><\/em><\/p>\n<p><em><strong>APLICA\u00c7\u00c3O: <\/strong><\/em>VALVULA ROCK &#8211; SPL401 \/ SPL500<\/p>\n","protected":false},"excerpt":{"rendered":"<p>GUARNI\u00c7\u00c3O DE BORRACHA (FEIJ\u00c3O) PARA SCHWING SPL401 \/ SPL500 APLICA\u00c7\u00c3O: VALVULA ROCK &#8211; SPL401 \/ SPL500<\/p>\n","protected":false},"featured_media":1522,"comment_status":"open","ping_status":"closed","template":"","meta":{"_joinchat":[]},"product_cat":[129,143,15,136],"product_tag":[],"_links":{"self":[{"href":"https:\/\/solodimixagv.com.br\/loja\/wp-json\/wp\/v2\/product\/1523"}],"collection":[{"href":"https:\/\/solodimixagv.com.br\/loja\/wp-json\/wp\/v2\/product"}],"about":[{"href":"https:\/\/solodimixagv.com.br\/loja\/wp-json\/wp\/v2\/types\/product"}],"replies":[{"embeddable":true,"href":"https:\/\/solodimixagv.com.br\/loja\/wp-json\/wp\/v2\/comments?post=1523"}],"wp:featuredmedia":[{"embeddable":true,"href":"https:\/\/solodimixagv.com.br\/loja\/wp-json\/wp\/v2\/media\/1522"}],"wp:attachment":[{"href":"https:\/\/solodimixagv.com.br\/loja\/wp-json\/wp\/v2\/media?parent=1523"}],"wp:term":[{"taxonomy":"product_cat","embeddable":true,"href":"https:\/\/solodimixagv.com.br\/loja\/wp-json\/wp\/v2\/product_cat?post=1523"},{"taxonomy":"product_tag","embeddable":true,"href":"https:\/\/solodimixagv.com.br\/loja\/wp-json\/wp\/v2\/product_tag?post=1523"}],"curies":[{"name":"wp","href":"https:\/\/api.w.org\/{rel}","templated":true}]}}