{"id":1521,"date":"2021-10-09T12:52:59","date_gmt":"2021-10-09T15:52:59","guid":{"rendered":"http:\/\/solodimixagv.com.br\/?post_type=product&#038;p=1521"},"modified":"2025-09-10T09:55:53","modified_gmt":"2025-09-10T12:55:53","slug":"guarnicao-de-borracha-feijao-para-schwing-spl1000","status":"publish","type":"product","link":"https:\/\/solodimixagv.com.br\/loja\/produto\/guarnicao-de-borracha-feijao-para-schwing-spl1000\/","title":{"rendered":"GUARNI\u00c7\u00c3O DE BORRACHA (FEIJ\u00c3O) PARA SCHWING SPL1000"},"content":{"rendered":"<p><em><strong>GUARNI\u00c7\u00c3O DE BORRACHA (FEIJ\u00c3O) PARA SCHWING SPL1000<\/strong><\/em><\/p>\n<p><em><strong>APLICA\u00c7\u00c3O: <\/strong><\/em>VALVULA ROCK\u00a0 SPL1000<\/p>\n","protected":false},"excerpt":{"rendered":"<p>GUARNI\u00c7\u00c3O DE BORRACHA (FEIJ\u00c3O) PARA SCHWING SPL1000 APLICA\u00c7\u00c3O: VALVULA ROCK\u00a0 SPL1000<\/p>\n","protected":false},"featured_media":1522,"comment_status":"open","ping_status":"closed","template":"","meta":{"_joinchat":[]},"product_cat":[129,143,15,136],"product_tag":[],"_links":{"self":[{"href":"https:\/\/solodimixagv.com.br\/loja\/wp-json\/wp\/v2\/product\/1521"}],"collection":[{"href":"https:\/\/solodimixagv.com.br\/loja\/wp-json\/wp\/v2\/product"}],"about":[{"href":"https:\/\/solodimixagv.com.br\/loja\/wp-json\/wp\/v2\/types\/product"}],"replies":[{"embeddable":true,"href":"https:\/\/solodimixagv.com.br\/loja\/wp-json\/wp\/v2\/comments?post=1521"}],"wp:featuredmedia":[{"embeddable":true,"href":"https:\/\/solodimixagv.com.br\/loja\/wp-json\/wp\/v2\/media\/1522"}],"wp:attachment":[{"href":"https:\/\/solodimixagv.com.br\/loja\/wp-json\/wp\/v2\/media?parent=1521"}],"wp:term":[{"taxonomy":"product_cat","embeddable":true,"href":"https:\/\/solodimixagv.com.br\/loja\/wp-json\/wp\/v2\/product_cat?post=1521"},{"taxonomy":"product_tag","embeddable":true,"href":"https:\/\/solodimixagv.com.br\/loja\/wp-json\/wp\/v2\/product_tag?post=1521"}],"curies":[{"name":"wp","href":"https:\/\/api.w.org\/{rel}","templated":true}]}}