{"id":1494,"date":"2021-10-09T09:39:16","date_gmt":"2021-10-09T12:39:16","guid":{"rendered":"http:\/\/solodimixagv.com.br\/?post_type=product&#038;p=1494"},"modified":"2025-09-10T10:00:27","modified_gmt":"2025-09-10T13:00:27","slug":"acoplamento-rapido-o-4-victaulic","status":"publish","type":"product","link":"https:\/\/solodimixagv.com.br\/loja\/produto\/acoplamento-rapido-o-4-victaulic\/","title":{"rendered":"ACOPLAMENTO R\u00c1PIDO \u00f8 4&#8243; VICTAULIC"},"content":{"rendered":"<p><strong>ACOPLAMENTO R\u00c1PIDO PARA APLICA\u00c7\u00c3O EM TUBOS DE TRANSPORTES E MANGOTES DE CONCRETO.<\/strong><\/p>\n<p><strong>APLICAR EM TUBOS E MANGOTES DE MEDIDA EXTERNA:<\/strong> 114MM<a href=\"http:\/\/solodimixagv.com.br\/wp-content\/uploads\/2021\/10\/WhatsApp-Image-2021-10-07-at-14.26.29.jpeg\"><br \/>\n<\/a><\/p>\n<p><strong>MATERIAL:<\/strong> A\u00c7O FUNDIDO<\/p>\n","protected":false},"excerpt":{"rendered":"<p>ACOPLAMENTO R\u00c1PIDO PARA APLICA\u00c7\u00c3O EM TUBOS DE TRANSPORTES E MANGOTES DE CONCRETO. APLICAR EM TUBOS E MANGOTES DE MEDIDA EXTERNA: 114MM MATERIAL: A\u00c7O FUNDIDO<\/p>\n","protected":false},"featured_media":1470,"comment_status":"open","ping_status":"closed","template":"","meta":{"_joinchat":[]},"product_cat":[142,129,15],"product_tag":[],"_links":{"self":[{"href":"https:\/\/solodimixagv.com.br\/loja\/wp-json\/wp\/v2\/product\/1494"}],"collection":[{"href":"https:\/\/solodimixagv.com.br\/loja\/wp-json\/wp\/v2\/product"}],"about":[{"href":"https:\/\/solodimixagv.com.br\/loja\/wp-json\/wp\/v2\/types\/product"}],"replies":[{"embeddable":true,"href":"https:\/\/solodimixagv.com.br\/loja\/wp-json\/wp\/v2\/comments?post=1494"}],"wp:featuredmedia":[{"embeddable":true,"href":"https:\/\/solodimixagv.com.br\/loja\/wp-json\/wp\/v2\/media\/1470"}],"wp:attachment":[{"href":"https:\/\/solodimixagv.com.br\/loja\/wp-json\/wp\/v2\/media?parent=1494"}],"wp:term":[{"taxonomy":"product_cat","embeddable":true,"href":"https:\/\/solodimixagv.com.br\/loja\/wp-json\/wp\/v2\/product_cat?post=1494"},{"taxonomy":"product_tag","embeddable":true,"href":"https:\/\/solodimixagv.com.br\/loja\/wp-json\/wp\/v2\/product_tag?post=1494"}],"curies":[{"name":"wp","href":"https:\/\/api.w.org\/{rel}","templated":true}]}}