{"id":1492,"date":"2021-10-09T09:29:34","date_gmt":"2021-10-09T12:29:34","guid":{"rendered":"http:\/\/solodimixagv.com.br\/?post_type=product&#038;p=1492"},"modified":"2025-09-10T10:00:36","modified_gmt":"2025-09-10T13:00:36","slug":"acoplamento-rapido-o-3","status":"publish","type":"product","link":"https:\/\/solodimixagv.com.br\/loja\/produto\/acoplamento-rapido-o-3\/","title":{"rendered":"ACOPLAMENTO R\u00c1PIDO \u00f8 3&#8243;"},"content":{"rendered":"<p><strong>ACOPLAMENTO R\u00c1PIDO PARA APLICA\u00c7\u00c3O EM TUBOS DE TRANSPORTES E MANGOTES DE CONCRETO.<\/strong><\/p>\n<p><strong>APLICAR EM TUBOS E MANGOTES DE MEDIDA EXTERNA:<\/strong> 106MM<\/p>\n<p><strong>MATERIAL:<\/strong> A\u00c7O FUNDIDO<\/p>\n","protected":false},"excerpt":{"rendered":"<p>ACOPLAMENTO R\u00c1PIDO PARA APLICA\u00c7\u00c3O EM TUBOS DE TRANSPORTES E MANGOTES DE CONCRETO. APLICAR EM TUBOS E MANGOTES DE MEDIDA EXTERNA: 106MM MATERIAL: A\u00c7O FUNDIDO<\/p>\n","protected":false},"featured_media":1470,"comment_status":"open","ping_status":"closed","template":"","meta":{"_joinchat":[]},"product_cat":[142,129,15],"product_tag":[],"_links":{"self":[{"href":"https:\/\/solodimixagv.com.br\/loja\/wp-json\/wp\/v2\/product\/1492"}],"collection":[{"href":"https:\/\/solodimixagv.com.br\/loja\/wp-json\/wp\/v2\/product"}],"about":[{"href":"https:\/\/solodimixagv.com.br\/loja\/wp-json\/wp\/v2\/types\/product"}],"replies":[{"embeddable":true,"href":"https:\/\/solodimixagv.com.br\/loja\/wp-json\/wp\/v2\/comments?post=1492"}],"wp:featuredmedia":[{"embeddable":true,"href":"https:\/\/solodimixagv.com.br\/loja\/wp-json\/wp\/v2\/media\/1470"}],"wp:attachment":[{"href":"https:\/\/solodimixagv.com.br\/loja\/wp-json\/wp\/v2\/media?parent=1492"}],"wp:term":[{"taxonomy":"product_cat","embeddable":true,"href":"https:\/\/solodimixagv.com.br\/loja\/wp-json\/wp\/v2\/product_cat?post=1492"},{"taxonomy":"product_tag","embeddable":true,"href":"https:\/\/solodimixagv.com.br\/loja\/wp-json\/wp\/v2\/product_tag?post=1492"}],"curies":[{"name":"wp","href":"https:\/\/api.w.org\/{rel}","templated":true}]}}