{"id":1472,"date":"2021-10-07T16:02:22","date_gmt":"2021-10-07T19:02:22","guid":{"rendered":"http:\/\/solodimixagv.com.br\/?post_type=product&#038;p=1472"},"modified":"2025-09-10T10:02:14","modified_gmt":"2025-09-10T13:02:14","slug":"guarnicao-de-borracha-o-5-com-anel-reforcado","status":"publish","type":"product","link":"https:\/\/solodimixagv.com.br\/loja\/produto\/guarnicao-de-borracha-o-5-com-anel-reforcado\/","title":{"rendered":"GUARNI\u00c7\u00c3O DE BORRACHA \u00f8 5&#8243; VICTAULIC COM ANEL REFOR\u00c7ADO"},"content":{"rendered":"<p><strong>GUARNI\u00c7\u00c3O DE BORRACHA \u00f8 5&#8243; COM ANEL REFOR\u00c7ADO\u00a0 <\/strong><\/p>\n<p><strong>APLICA\u00c7\u00c3O:<\/strong> ACOPLAMENTOS RAPIDOS E FIXOS PARA VEDA\u00c7\u00c3O DE TUBOS E MANGOTES DE CONCRETO COM EXTERNO DE <strong>141MM\u00a0<\/strong><\/p>\n<p><strong>MATERIAL:<\/strong> BORRACHA<\/p>\n","protected":false},"excerpt":{"rendered":"<p>GUARNI\u00c7\u00c3O DE BORRACHA \u00f8 5&#8243; COM ANEL REFOR\u00c7ADO\u00a0 APLICA\u00c7\u00c3O: ACOPLAMENTOS RAPIDOS E FIXOS PARA VEDA\u00c7\u00c3O DE TUBOS E MANGOTES DE CONCRETO COM EXTERNO DE 141MM\u00a0 MATERIAL: BORRACHA<\/p>\n","protected":false},"featured_media":1473,"comment_status":"open","ping_status":"closed","template":"","meta":{"_joinchat":[]},"product_cat":[142,129,143,15],"product_tag":[],"_links":{"self":[{"href":"https:\/\/solodimixagv.com.br\/loja\/wp-json\/wp\/v2\/product\/1472"}],"collection":[{"href":"https:\/\/solodimixagv.com.br\/loja\/wp-json\/wp\/v2\/product"}],"about":[{"href":"https:\/\/solodimixagv.com.br\/loja\/wp-json\/wp\/v2\/types\/product"}],"replies":[{"embeddable":true,"href":"https:\/\/solodimixagv.com.br\/loja\/wp-json\/wp\/v2\/comments?post=1472"}],"wp:featuredmedia":[{"embeddable":true,"href":"https:\/\/solodimixagv.com.br\/loja\/wp-json\/wp\/v2\/media\/1473"}],"wp:attachment":[{"href":"https:\/\/solodimixagv.com.br\/loja\/wp-json\/wp\/v2\/media?parent=1472"}],"wp:term":[{"taxonomy":"product_cat","embeddable":true,"href":"https:\/\/solodimixagv.com.br\/loja\/wp-json\/wp\/v2\/product_cat?post=1472"},{"taxonomy":"product_tag","embeddable":true,"href":"https:\/\/solodimixagv.com.br\/loja\/wp-json\/wp\/v2\/product_tag?post=1472"}],"curies":[{"name":"wp","href":"https:\/\/api.w.org\/{rel}","templated":true}]}}