{"id":1436,"date":"2021-07-16T17:05:00","date_gmt":"2021-07-16T20:05:00","guid":{"rendered":"http:\/\/solodimixagv.com.br\/?post_type=product&#038;p=1436"},"modified":"2025-09-10T09:53:47","modified_gmt":"2025-09-10T12:53:47","slug":"hidrometro-para-betoneira-500-litros","status":"publish","type":"product","link":"https:\/\/solodimixagv.com.br\/loja\/produto\/hidrometro-para-betoneira-500-litros\/","title":{"rendered":"HIDR\u00d4METRO PARA BETONEIRA 500 LITROS"},"content":{"rendered":"<p><strong>Dosagem de \u00c1gua em Caminh\u00e3o Betoneira<\/strong><\/p>\n<p>LIEBHERR\/ SITI \/ CIBI \/\u00a0 CONVICTA \/ SCHWING<\/p>\n<p>&nbsp;<\/p>\n","protected":false},"excerpt":{"rendered":"<p><strong>Vaz\u00e3o\/Volume:<\/strong> 10 m3\/h\u00a0 500 litros Entrada de 1&#8243; &#8211; Rosca 1.1\/4&#8243;<\/p>\n<p><strong>Sistema:<\/strong> Manual com Tra\u00e7\u00e3o Magn\u00e9tica evitando a<br \/>\nEntrada de \u00c1gua e Embasamento no Visor de Leitura<\/p>\n<p><strong>Regulagem:<\/strong> Bot\u00e3o Seletor<\/p>\n","protected":false},"featured_media":1440,"comment_status":"open","ping_status":"closed","template":"","meta":{"_joinchat":[]},"product_cat":[137,15],"product_tag":[140],"_links":{"self":[{"href":"https:\/\/solodimixagv.com.br\/loja\/wp-json\/wp\/v2\/product\/1436"}],"collection":[{"href":"https:\/\/solodimixagv.com.br\/loja\/wp-json\/wp\/v2\/product"}],"about":[{"href":"https:\/\/solodimixagv.com.br\/loja\/wp-json\/wp\/v2\/types\/product"}],"replies":[{"embeddable":true,"href":"https:\/\/solodimixagv.com.br\/loja\/wp-json\/wp\/v2\/comments?post=1436"}],"wp:featuredmedia":[{"embeddable":true,"href":"https:\/\/solodimixagv.com.br\/loja\/wp-json\/wp\/v2\/media\/1440"}],"wp:attachment":[{"href":"https:\/\/solodimixagv.com.br\/loja\/wp-json\/wp\/v2\/media?parent=1436"}],"wp:term":[{"taxonomy":"product_cat","embeddable":true,"href":"https:\/\/solodimixagv.com.br\/loja\/wp-json\/wp\/v2\/product_cat?post=1436"},{"taxonomy":"product_tag","embeddable":true,"href":"https:\/\/solodimixagv.com.br\/loja\/wp-json\/wp\/v2\/product_tag?post=1436"}],"curies":[{"name":"wp","href":"https:\/\/api.w.org\/{rel}","templated":true}]}}