{"id":1410,"date":"2021-02-05T13:29:57","date_gmt":"2021-02-05T16:29:57","guid":{"rendered":"http:\/\/solodimixagv.com.br\/?post_type=product&#038;p=1410"},"modified":"2025-09-10T10:05:27","modified_gmt":"2025-09-10T13:05:27","slug":"jogo-de-reparo-para-cilindro-principal-diferencial-schwing-spl500-somente-vedacoes","status":"publish","type":"product","link":"https:\/\/solodimixagv.com.br\/loja\/produto\/jogo-de-reparo-para-cilindro-principal-diferencial-schwing-spl500-somente-vedacoes\/","title":{"rendered":"JOGO DE REPARO PARA CILINDRO PRINCIPAL (DIFERENCIAL) SCHWING SPL500 SOMENTE VEDA\u00c7\u00d5ES"},"content":{"rendered":"<p><strong>OP\u00c7\u00d5ES DE EQUIPAMENTO<\/strong> : Jogo de reparo completo para SPL500 schwing<\/p>\n<p><strong>COMPOSI\u00c7\u00c3O DE KIT:<\/strong>\u00a0 2P\u00c7S ORINGS, 1P\u00c7 ANEL DE APOIO TEFLON, 1 JOGO DE GAXETA, , 1P\u00c7 ANEL RASPADOR<\/p>\n<p>OBS: Para embolo de 80mm<\/p>\n","protected":false},"excerpt":{"rendered":"<p>Reparo completo de alta qualidade para cilindro principal (diferencial) Schwing SPL500<\/p>\n<p>este reparo equivale para 1 cilindro principal, caso precise para 2 cilindros principais comprar 2p\u00e7s do reparo.<\/p>\n<p>aten\u00e7\u00e3o este reparo \u00e9 composto somente por veda\u00e7\u00f5es n\u00e3o possui ANEL DE SEGMENTO e ANEL DE ENCOSTO<\/p>\n<p>&nbsp;<\/p>\n","protected":false},"featured_media":1408,"comment_status":"open","ping_status":"closed","template":"","meta":{"_joinchat":[]},"product_cat":[129,15,136,135],"product_tag":[],"_links":{"self":[{"href":"https:\/\/solodimixagv.com.br\/loja\/wp-json\/wp\/v2\/product\/1410"}],"collection":[{"href":"https:\/\/solodimixagv.com.br\/loja\/wp-json\/wp\/v2\/product"}],"about":[{"href":"https:\/\/solodimixagv.com.br\/loja\/wp-json\/wp\/v2\/types\/product"}],"replies":[{"embeddable":true,"href":"https:\/\/solodimixagv.com.br\/loja\/wp-json\/wp\/v2\/comments?post=1410"}],"wp:featuredmedia":[{"embeddable":true,"href":"https:\/\/solodimixagv.com.br\/loja\/wp-json\/wp\/v2\/media\/1408"}],"wp:attachment":[{"href":"https:\/\/solodimixagv.com.br\/loja\/wp-json\/wp\/v2\/media?parent=1410"}],"wp:term":[{"taxonomy":"product_cat","embeddable":true,"href":"https:\/\/solodimixagv.com.br\/loja\/wp-json\/wp\/v2\/product_cat?post=1410"},{"taxonomy":"product_tag","embeddable":true,"href":"https:\/\/solodimixagv.com.br\/loja\/wp-json\/wp\/v2\/product_tag?post=1410"}],"curies":[{"name":"wp","href":"https:\/\/api.w.org\/{rel}","templated":true}]}}